{"id":103,"date":"2021-12-06T18:10:40","date_gmt":"2021-12-06T17:10:40","guid":{"rendered":"https:\/\/hinlauftendenz.de\/ehrenamt\/?page_id=103"},"modified":"2023-10-18T15:34:40","modified_gmt":"2023-10-18T13:34:40","slug":"hamburg","status":"publish","type":"page","link":"https:\/\/hinlauftendenz.de\/ehrenamt\/hamburg\/","title":{"rendered":"Hamburg"},"content":{"rendered":"\n<p style=\"font-size:22px\">Hamburg, meine Perle&#8230; Wer die &#8220;sch\u00f6nste Stadt der Welt&#8221; seine Heimat nennt, will nicht mehr weg. Wo der &#8220;Michel&#8221; inzwischen in Gesellschaft der &#8220;Elphi&#8221; ist und beide nun gemeinsam die Stadtkulisse pr\u00e4gen, wo die Rufe der Verk\u00e4ufer am Fischmarkt und die Schiffsh\u00f6rner der gro\u00dfen Kreuzfahrtschiffe heimatlich gr\u00fc\u00dfen, ist die Verbundenheit mit der Heimatstadt gro\u00df. Wussten Sie eigentlich, dass wir in Hamburg mehr Br\u00fccken haben als Amsterdam, London und Venedig zusammen?<br><br>Wir Hamburger sind eine bunte Gemeinschaft von Alteingesessenen und Neuank\u00f6mmlingen. Der j\u00e4hrliche Hafengeburtstag mit Fischbr\u00f6tchen und Musik bringt alle zusammen. Besondere Attraktionen ziehen zudem viele Touristen an, z. B. das Miniaturwunderland, die verschiedenen Musicals, der immer gut besuchte bunte und laute Dom und viele interessante Museen.<br><br>Die Freie und Hansestadt Hamburg ist die zweitgr\u00f6\u00dfte Stadt Deutschlands mit ca. 1,8 Mio. Einwohnern und stetig wachsend, was den Hamburger Wohnungsmarkt an seine Grenzen bringt, aber gleichzeitig ein Zeichen daf\u00fcr ist, wie viele Menschen hier ihre (Wahl-)Heimat finden. Die Stadt hat sehr viele Gr\u00fcnfl\u00e4chen und mehr Br\u00fccken als Amsterdam, London und Venedig zusammen \u2013 man glaubt es kaum! Die bekannteste von ihnen ist sicher die K\u00f6hlbrandbr\u00fccke, die mit \u00fcber 3,5 km L\u00e4nge genau einmal im Jahr f\u00fcr den K\u00f6hlbrandbr\u00fcckenlauf auch f\u00fcr Hobby-L\u00e4ufer ge\u00f6ffnet ist, die z. T. einfach mal von dort den Blick \u00fcber den weitl\u00e4ufigen Hafen genie\u00dfen m\u00f6chten.<\/p>\n\n\n\n<h2 class=\"wp-block-heading\">Pflegebed\u00fcrftigkeit in Hamburg<\/h2>\n\n\n\n<p style=\"font-size:22px\">Laut Statistikamt Nord gab es 1999 in Hamburg 42.000 Pflegebd\u00fcrftige. Ende 2019 war bereits 77.223 pflegebed\u00fcrftigen Personen in Hamburg einer der f\u00fcnf <a href=\"https:\/\/www.bwpn.de\/pflegenetzwerk\/pflegegrade\/\" target=\"_blank\" rel=\"noreferrer noopener\">Pflegegrade<\/a> zugeordnet worden. Das entspricht einer Steigerung der Pflegebed\u00fcrftigkeit in Hamburg von 46 Prozent.<\/p>\n\n\n\n<h2 class=\"wp-block-heading\">Selbsthilfegruppen in Hamburg<\/h2>\n\n\n\n<p style=\"font-size:22px\">In Hamburg gibt es verschiedene Selbsthilfegruppen f\u00fcr Menschen mit chronischen Krankheiten. Hier sind einige Beispiele:<\/p>\n\n\n\n<ol class=\"wp-block-list\">\n<li style=\"font-size:22px\">Rheuma-Selbsthilfegruppen: Es gibt mehrere Selbsthilfegruppen f\u00fcr Menschen mit Rheuma in Hamburg. Diese Gruppen bieten Informationen zu rheumatischen Erkrankungen, Erfahrungsaustausch und Unterst\u00fctzung.<\/li>\n\n\n\n<li style=\"font-size:22px\">Diabetiker-Selbsthilfegruppen: Es gibt Selbsthilfegruppen f\u00fcr Menschen mit Diabetes in Hamburg, die sich regelm\u00e4\u00dfig treffen, um \u00fcber ihre Erfahrungen mit der Krankheit zu sprechen, sich gegenseitig zu unterst\u00fctzen und Informationen auszutauschen.<\/li>\n\n\n\n<li style=\"font-size:22px\">Multiple-Sklerose-Selbsthilfegruppen: F\u00fcr Menschen mit Multipler Sklerose gibt es in Hamburg Selbsthilfegruppen, in denen sie sich mit anderen Betroffenen treffen und \u00fcber ihre Erfahrungen sprechen k\u00f6nnen. Diese Gruppen bieten auch Informationen zu Behandlungsoptionen und den Umgang mit der Krankheit.<\/li>\n\n\n\n<li style=\"font-size:22px\">Fibromyalgie-Selbsthilfegruppen: Selbsthilfegruppen f\u00fcr Menschen mit Fibromyalgie bieten die M\u00f6glichkeit des Erfahrungsaustauschs und der gegenseitigen Unterst\u00fctzung. Hier k\u00f6nnen Betroffene ihre Symptome teilen und Informationen zu Bew\u00e4ltigungsstrategien erhalten.<\/li>\n\n\n\n<li style=\"font-size:22px\">Morbus Crohn\/Colitis ulcerosa-Selbsthilfegruppen: Es gibt Selbsthilfegruppen f\u00fcr Menschen mit entz\u00fcndlichen Darmerkrankungen wie Morbus Crohn oder Colitis ulcerosa. Hier k\u00f6nnen sie \u00fcber ihre Erfahrungen sprechen, Informationen austauschen und Unterst\u00fctzung finden.<\/li>\n\n\n\n<li style=\"font-size:22px\">Asthma\/COPD-Selbsthilfegruppen: Selbsthilfegruppen f\u00fcr Menschen mit Asthma oder chronisch obstruktiver Lungenerkrankung (COPD) bieten Informationen, Austausch und Unterst\u00fctzung rund um diese Atemwegserkrankungen.<\/li>\n<\/ol>\n\n\n\n<p style=\"font-size:22px\">Dies ist nur eine kleine Auswahl an Selbsthilfegruppen f\u00fcr chronische Krankheiten in Hamburg. Es gibt viele weitere Gruppen f\u00fcr verschiedene Krankheitsbilder.<\/p>\n\n\n\r\n        <div class='wp-block-citadela-blocks ctdl-directory-google-map loading-content custom-height'>\r\n            <div class='citadela-openstreetmap provider-wrapper'>\r\n                <div data-endpoint=\"https:\/\/hinlauftendenz.de\/ehrenamt\/wp-json\/citadela-directory\/map-data\/points\/citadela-item?dataType=markers&amp;category=&amp;location=12&amp;only_featured=0\"data-theme=\"default\"data-map-height=\"500px\"data-cluster=\"80\"data-type=\"markers\" class='component-container'><\/div>\r\n                \r\n            <\/div>\r\n            <div class='citadela-loader'>\r\n                <div class='inner-wrapper'>\r\n                    <i class='fas fa-circle-notch fa-spin'><\/i>\r\n                <\/div>\r\n            <\/div>\r\n        <\/div>\r\n        \n\n\n<div style=\"height:50px\" aria-hidden=\"true\" class=\"wp-block-spacer\"><\/div>\n\n\n\r\n        <div \r\n            class=\"wp-block-citadela-blocks ctdl-directory-items-list layout-box size-medium grid-type-1 image-size-citadela_item_thumbnail proportional-image-height show-item-subtitle show-item-address show-item-web show-item-categories border-thin use-carousel carousel-navigation carousel-pagination carousel-autoheight loading-content\"\r\n                        \t\r\n                            data-carousel=\"{&quot;pagination&quot;:true,&quot;navigation&quot;:true,&quot;autoplay&quot;:false,&quot;autoHeight&quot;:true,&quot;autoplayDelay&quot;:5,&quot;loop&quot;:true}\"\r\n                        >\r\n            \r\n                            <div class=\"citadela-loader\">\r\n                    <div class=\"inner-wrapper\">\r\n                        <i class=\"fas fa-circle-notch fa-spin\"><\/i>\r\n                    <\/div>\r\n                <\/div>\r\n            \r\n            \r\n            <div class=\"citadela-block-articles swiper-container\">\r\n               \r\n                <div class=\"citadela-block-articles-wrap swiper-wrapper\">\r\n                \r\n<article class=\"citadela-article has-subtitle has-address has-web has-categories swiper-slide\">\r\n\r\n\t<div class=\"item-content\" style=\"\">\r\n\t\t\r\n\t\t<div class=\"item-body\">\r\n\t\t\t<div class=\"item-title\">\r\n\t\t\t\t<a href=\"https:\/\/hinlauftendenz.de\/ehrenamt\/eintrag\/alzheimer-gesellschaft-hamburg-e-v\/\">\r\n\t\t\t\t\t<div class=\"item-title-wrap\">\r\n\t\t\t\t\t\t<div class=\"post-title\">Alzheimer Gesellschaft Hamburg e. V.<\/div>\r\n\t\t\t\t\t\t\t\t\t\t\t\t<div class=\"post-subtitle\" style=\"\">Selbsthilfe-Organisation f\u00fcr Menschen mit Demenz in Hamburg<\/div>\r\n\t\t\t\t\t\t\t\t\t\t\t<\/div>\r\n\t\t\t\t<\/a>\r\n\t\t\t<\/div>\r\n\t\t\t\r\n\t\t\t\r\n\t\t\t\t\t\t<div class=\"item-footer\" style=\"\">\r\n\t\t\t\t\t\t\t\t\t\t\t\t<div class=\"item-data address\" style=\"\">\r\n\t\t\t\t\t<span class=\"label\">Adresse<\/span>\r\n\t\t\t\t\t<span class=\"values\">Wandsbeker Allee 68, 22041 Hamburg<\/span>\r\n\t\t\t\t<\/div>\r\n\t\t\t\t\t\t\t\t\t\t\t\t<div class=\"item-data web\" style=\"\">\r\n\t\t\t\t\t<span class=\"label\">Web<\/span>\r\n\t\t\t\t\t<span class=\"values\">\r\n\t\t\t\t\t\t<a href=\"https:\/\/www.alzheimer-hamburg.de\/\" class=\"value\" target=\"_blank\" rel=\"nofollow noopener\" style=\"\">Alzheimer Gesellschaft Hamburg e. V.<\/a>\r\n\t\t\t\t\t<\/span>\r\n\t\t\t\t<\/div>\r\n\t\t\t\t\t\t\t\t\t\t\t\t<div class=\"item-data categories\" style=\"\">\r\n\t\t\t\t\t<span class=\"label\">Kategorien<\/span>\r\n\t\t\t\t\t<span class=\"values\">\r\n\t\t\t\t\t\t\t\t\t\t\t\t<a href=\"https:\/\/hinlauftendenz.de\/ehrenamt\/cat\/demenz\/\" class=\"value\" style=\"\">Demenz<\/a>\r\n\t\t\t\t\t\t\t\t\t\t\t\t<a href=\"https:\/\/hinlauftendenz.de\/ehrenamt\/cat\/selbsthilfegruppen\/\" class=\"value\" style=\"\">Selbsthilfegruppen<\/a>\r\n\t\t\t\t\t\t\t\t\t\t\t<\/span>\r\n\t\t\t\t<\/div>\r\n\t\t\t\t\t\t\t<\/div>\r\n\t\t<\/div>\r\n\t<\/div>\r\n\r\n<\/article>\r\n\r\n\r\n\r\n<article class=\"citadela-article featured has-subtitle has-address has-web has-categories swiper-slide\">\r\n\r\n\t<div class=\"item-content\" style=\"\">\r\n\t\t\r\n\t\t<div class=\"item-body\">\r\n\t\t\t<div class=\"item-title\">\r\n\t\t\t\t<a href=\"https:\/\/hinlauftendenz.de\/ehrenamt\/eintrag\/bundesweites-pflegenetzwerk\/\">\r\n\t\t\t\t\t<div class=\"item-title-wrap\">\r\n\t\t\t\t\t\t<div class=\"post-title\">Bundesweites Pflegenetzwerk<\/div>\r\n\t\t\t\t\t\t\t\t\t\t\t\t<div class=\"post-subtitle\" style=\"\">Unabh\u00e4ngige Pflegeberatung &#8211; bundesweit<\/div>\r\n\t\t\t\t\t\t\t\t\t\t\t<\/div>\r\n\t\t\t\t<\/a>\r\n\t\t\t<\/div>\r\n\t\t\t\r\n\t\t\t\r\n\t\t\t\t\t\t<div class=\"item-footer\" style=\"\">\r\n\t\t\t\t\t\t\t\t\t\t\t\t<div class=\"item-data address\" style=\"\">\r\n\t\t\t\t\t<span class=\"label\">Adresse<\/span>\r\n\t\t\t\t\t<span class=\"values\">Fahrenkr\u00f6n 35b, 22179 Hamburg<\/span>\r\n\t\t\t\t<\/div>\r\n\t\t\t\t\t\t\t\t\t\t\t\t<div class=\"item-data web\" style=\"\">\r\n\t\t\t\t\t<span class=\"label\">Web<\/span>\r\n\t\t\t\t\t<span class=\"values\">\r\n\t\t\t\t\t\t<a href=\"https:\/\/www.bwpn.de\" class=\"value\" target=\"_blank\" rel=\"nofollow noopener\" style=\"\">Bundesweites Pflegenetzwerk (BWPN)<\/a>\r\n\t\t\t\t\t<\/span>\r\n\t\t\t\t<\/div>\r\n\t\t\t\t\t\t\t\t\t\t\t\t<div class=\"item-data categories\" style=\"\">\r\n\t\t\t\t\t<span class=\"label\">Kategorien<\/span>\r\n\t\t\t\t\t<span class=\"values\">\r\n\t\t\t\t\t\t\t\t\t\t\t\t<a href=\"https:\/\/hinlauftendenz.de\/ehrenamt\/cat\/ehrenamt\/\" class=\"value\" style=\"\">Ehrenamt<\/a>\r\n\t\t\t\t\t\t\t\t\t\t\t<\/span>\r\n\t\t\t\t<\/div>\r\n\t\t\t\t\t\t\t<\/div>\r\n\t\t<\/div>\r\n\t<\/div>\r\n\r\n<\/article>\r\n\r\n\r\n                <\/div>\r\n                \r\n                \r\n            <\/div>\r\n            \r\n                                                <div class=\"carousel-navigation-wrapper\" >\r\n                        <div class=\"carousel-button-prev\"><i class=\"fas fa-chevron-left\"><\/i><\/div>\r\n                        <div class=\"carousel-button-next\"><i class=\"fas fa-chevron-right\"><\/i><\/div>\r\n                    <\/div>\r\n                                                    <div class=\"carousel-pagination-wrapper\" ><\/div>\r\n                \r\n                        \r\n        <\/div>\r\n        \n\n\n<div style=\"height:50px\" aria-hidden=\"true\" class=\"wp-block-spacer\"><\/div>\n\n\n\n<div class=\"wp-block-media-text alignwide is-stacked-on-mobile\"><figure class=\"wp-block-media-text__media\"><a href=\"https:\/\/www.bwpn.de\/pflegenetzwerk\/privatpersonen\/\" target=\"_blank\" rel=\"noreferrer noopener\"><img loading=\"lazy\" decoding=\"async\" width=\"1024\" height=\"682\" src=\"https:\/\/hinlauftendenz.de\/ehrenamt\/wp-content\/uploads\/2021\/12\/BWPN_Container-Form_Anfrage-Hintergrund2000x1333-1024x682.jpg\" alt=\"\" class=\"wp-image-82 size-full\" srcset=\"https:\/\/hinlauftendenz.de\/ehrenamt\/wp-content\/uploads\/2021\/12\/BWPN_Container-Form_Anfrage-Hintergrund2000x1333-1024x682.jpg 1024w, https:\/\/hinlauftendenz.de\/ehrenamt\/wp-content\/uploads\/2021\/12\/BWPN_Container-Form_Anfrage-Hintergrund2000x1333-300x200.jpg 300w, https:\/\/hinlauftendenz.de\/ehrenamt\/wp-content\/uploads\/2021\/12\/BWPN_Container-Form_Anfrage-Hintergrund2000x1333-768x512.jpg 768w, https:\/\/hinlauftendenz.de\/ehrenamt\/wp-content\/uploads\/2021\/12\/BWPN_Container-Form_Anfrage-Hintergrund2000x1333-391x260.jpg 391w, https:\/\/hinlauftendenz.de\/ehrenamt\/wp-content\/uploads\/2021\/12\/BWPN_Container-Form_Anfrage-Hintergrund2000x1333-1536x1024.jpg 1536w, https:\/\/hinlauftendenz.de\/ehrenamt\/wp-content\/uploads\/2021\/12\/BWPN_Container-Form_Anfrage-Hintergrund2000x1333.jpg 2000w\" sizes=\"auto, (max-width: 1024px) 100vw, 1024px\" \/><\/a><\/figure><div class=\"wp-block-media-text__content\">\n<p style=\"font-size:22px\">Pflegebed\u00fcrftige Personen und pflegende Angeh\u00f6rige in Hamburg erhalten seit 1998 unabh\u00e4ngige Unterst\u00fctzung von den Sachverst\u00e4ndigen des <a rel=\"noreferrer noopener\" href=\"https:\/\/www.bwpn.de\/pflegenetzwerk\/leitsatz-philosophie\/\" target=\"_blank\">BWPN<\/a>.<br><\/p>\n\n\n\n<div class=\"wp-block-buttons is-layout-flex wp-block-buttons-is-layout-flex\">\n<div class=\"wp-block-button has-custom-width wp-block-button__width-100 has-custom-font-size has-medium-font-size\"><a class=\"wp-block-button__link has-white-color has-text-color has-background wp-element-button\" href=\"https:\/\/www.bwpn.de\/pflegenetzwerk\/anfrage-hamburg-2\/\" style=\"background-color:#a0ce4e\" target=\"_blank\" rel=\"noopener\"><strong>Kostenlose Erstberatung<\/strong><\/a><\/div>\n<\/div>\n<\/div><\/div>\n","protected":false},"excerpt":{"rendered":"<p>Hamburg, meine Perle&#8230; Wer die &#8220;sch\u00f6nste Stadt der Welt&#8221; seine Heimat nennt, will nicht mehr weg. Wo der &#8220;Michel&#8221; inzwischen in Gesellschaft der &#8220;Elphi&#8221; ist und beide nun gemeinsam die Stadtkulisse pr\u00e4gen, wo die Rufe der Verk\u00e4ufer am Fischmarkt und die Schiffsh\u00f6rner der gro\u00dfen Kreuzfahrtschiffe heimatlich gr\u00fc\u00dfen, ist die Verbundenheit mit der Heimatstadt gro\u00df. Wussten [&hellip;]<\/p>\n","protected":false},"author":1,"featured_media":0,"parent":0,"menu_order":0,"comment_status":"closed","ping_status":"closed","template":"","meta":{"_citadela_hide_page_title":"0","_citadela_remove_header_space":"0","_citadela_custom_class":"","_citadela_half_map_provider":"","_citadela_half_map_theme":"","_citadela_half_map_themeOSM":"","_citadela_half_map_customTheme":"","_citadela_half_map_dataType":"","_citadela_half_map_dynamicTrack":false,"_citadela_half_map_trackColor":"","_citadela_half_map_trackEndpointsColor":"","_citadela_half_map_filterCategory":"","_citadela_half_map_filterLocation":"","_citadela_half_map_filterFeatured":false,"_citadela_half_map_noDataBehavior":"empty-map","_citadela_half_map_noDataText":"","_citadela_half_map_clusterGridSize":80,"_citadela_header":false,"_citadela_header_over_content":false,"_citadela_header_text_color":"","_citadela_header_logo":[],"_citadela_header_bg_image":[],"_citadela_header_bg_position":{"x":0.5,"y":0.5},"_citadela_header_bg_size":"cover","_citadela_header_bg_repeat":"no-repeat","_citadela_header_bg_fixed":false,"_citadela_header_bg_color":"","_citadela_header_bg_image_overlay":"","_citadela_header_transparent_bg":false,"_citadela_content_width":"","_citadela_half_layout_position":"","footnotes":""},"class_list":["post-103","page","type-page","status-publish","hentry"],"_links":{"self":[{"href":"https:\/\/hinlauftendenz.de\/ehrenamt\/wp-json\/wp\/v2\/pages\/103","targetHints":{"allow":["GET"]}}],"collection":[{"href":"https:\/\/hinlauftendenz.de\/ehrenamt\/wp-json\/wp\/v2\/pages"}],"about":[{"href":"https:\/\/hinlauftendenz.de\/ehrenamt\/wp-json\/wp\/v2\/types\/page"}],"author":[{"embeddable":true,"href":"https:\/\/hinlauftendenz.de\/ehrenamt\/wp-json\/wp\/v2\/users\/1"}],"replies":[{"embeddable":true,"href":"https:\/\/hinlauftendenz.de\/ehrenamt\/wp-json\/wp\/v2\/comments?post=103"}],"version-history":[{"count":10,"href":"https:\/\/hinlauftendenz.de\/ehrenamt\/wp-json\/wp\/v2\/pages\/103\/revisions"}],"predecessor-version":[{"id":318,"href":"https:\/\/hinlauftendenz.de\/ehrenamt\/wp-json\/wp\/v2\/pages\/103\/revisions\/318"}],"wp:attachment":[{"href":"https:\/\/hinlauftendenz.de\/ehrenamt\/wp-json\/wp\/v2\/media?parent=103"}],"curies":[{"name":"wp","href":"https:\/\/api.w.org\/{rel}","templated":true}]}}