{"id":313,"date":"2023-10-17T17:30:22","date_gmt":"2023-10-17T15:30:22","guid":{"rendered":"https:\/\/hinlauftendenz.de\/ehrenamt\/?page_id=313"},"modified":"2023-10-17T17:30:23","modified_gmt":"2023-10-17T15:30:23","slug":"ratgeber","status":"publish","type":"page","link":"https:\/\/hinlauftendenz.de\/ehrenamt\/ratgeber\/","title":{"rendered":"Ratgeber"},"content":{"rendered":"\n<div class=\"wp-block-query is-layout-flow wp-block-query-is-layout-flow\"><ul class=\"wp-block-post-template is-layout-flow wp-block-post-template-is-layout-flow\"><li class=\"wp-block-post post-300 post type-post status-publish format-standard hentry category-selbsthilfe tag-selbsthilfegruppe\">\n\n<div class=\"wp-block-group\" style=\"padding-top:30px;padding-right:30px;padding-bottom:30px;padding-left:30px\"><div class=\"wp-block-group__inner-container is-layout-flow wp-block-group-is-layout-flow\"><h2 class=\"wp-block-post-title\"><a href=\"https:\/\/hinlauftendenz.de\/ehrenamt\/selbsthilfegruppen\/\" target=\"_self\" >Selbsthilfegruppen<\/a><\/h2>\n\n<div class=\"wp-block-post-excerpt\"><p class=\"wp-block-post-excerpt__excerpt\">Eine Selbsthilfegruppe ist eine Form der Unterst\u00fctzung und Hilfe, die Menschen mit \u00e4hnlichen Bed\u00fcrfnissen oder Herausforderungen bietet.<\/p><p class=\"wp-block-post-excerpt__more-text\"><a class=\"wp-block-post-excerpt__more-link\" href=\"https:\/\/hinlauftendenz.de\/ehrenamt\/selbsthilfegruppen\/\">Weiterlesen&#8230;<\/a><\/p><\/div>\n\n<div class=\"wp-block-post-date\"><time datetime=\"2023-10-17T16:52:14+02:00\">17. Oktober 2023<\/time><\/div><\/div><\/div>\n\n<\/li><\/ul><\/div>\n","protected":false},"excerpt":{"rendered":"","protected":false},"author":1,"featured_media":0,"parent":0,"menu_order":0,"comment_status":"closed","ping_status":"closed","template":"","meta":{"_citadela_hide_page_title":"","_citadela_remove_header_space":"","_citadela_custom_class":"","_citadela_half_map_provider":"","_citadela_half_map_theme":"","_citadela_half_map_themeOSM":"","_citadela_half_map_customTheme":"","_citadela_half_map_dataType":"","_citadela_half_map_dynamicTrack":false,"_citadela_half_map_trackColor":"","_citadela_half_map_trackEndpointsColor":"","_citadela_half_map_filterCategory":"","_citadela_half_map_filterLocation":"","_citadela_half_map_filterFeatured":false,"_citadela_half_map_noDataBehavior":"empty-map","_citadela_half_map_noDataText":"","_citadela_half_map_clusterGridSize":80,"_citadela_header":false,"_citadela_header_over_content":false,"_citadela_header_text_color":"","_citadela_header_logo":[],"_citadela_header_bg_image":[],"_citadela_header_bg_position":[],"_citadela_header_bg_size":"","_citadela_header_bg_repeat":"","_citadela_header_bg_fixed":false,"_citadela_header_bg_color":"","_citadela_header_bg_image_overlay":"","_citadela_header_transparent_bg":false,"_citadela_content_width":"","_citadela_half_layout_position":"","footnotes":""},"class_list":["post-313","page","type-page","status-publish","hentry"],"_links":{"self":[{"href":"https:\/\/hinlauftendenz.de\/ehrenamt\/wp-json\/wp\/v2\/pages\/313","targetHints":{"allow":["GET"]}}],"collection":[{"href":"https:\/\/hinlauftendenz.de\/ehrenamt\/wp-json\/wp\/v2\/pages"}],"about":[{"href":"https:\/\/hinlauftendenz.de\/ehrenamt\/wp-json\/wp\/v2\/types\/page"}],"author":[{"embeddable":true,"href":"https:\/\/hinlauftendenz.de\/ehrenamt\/wp-json\/wp\/v2\/users\/1"}],"replies":[{"embeddable":true,"href":"https:\/\/hinlauftendenz.de\/ehrenamt\/wp-json\/wp\/v2\/comments?post=313"}],"version-history":[{"count":1,"href":"https:\/\/hinlauftendenz.de\/ehrenamt\/wp-json\/wp\/v2\/pages\/313\/revisions"}],"predecessor-version":[{"id":314,"href":"https:\/\/hinlauftendenz.de\/ehrenamt\/wp-json\/wp\/v2\/pages\/313\/revisions\/314"}],"wp:attachment":[{"href":"https:\/\/hinlauftendenz.de\/ehrenamt\/wp-json\/wp\/v2\/media?parent=313"}],"curies":[{"name":"wp","href":"https:\/\/api.w.org\/{rel}","templated":true}]}}