{"id":84,"date":"2021-12-06T08:41:55","date_gmt":"2021-12-06T07:41:55","guid":{"rendered":"https:\/\/hinlauftendenz.de\/ehrenamt\/?page_id=84"},"modified":"2023-10-17T15:41:54","modified_gmt":"2023-10-17T13:41:54","slug":"kostenloser-eintrag","status":"publish","type":"page","link":"https:\/\/hinlauftendenz.de\/ehrenamt\/kostenloser-eintrag\/","title":{"rendered":"Kostenloser Eintrag"},"content":{"rendered":"\n<div style=\"height:40px\" aria-hidden=\"true\" class=\"wp-block-spacer\"><\/div>\n\n\n\n<p style=\"font-size:22px\">Jeden Monat informieren, beraten und unterst\u00fctzen wir 45.000 Familien. F\u00fcr hohe Leistungen der Pflegeversicherung sind unsere unabh\u00e4ngigen Sachverst\u00e4ndigen (w\/m) zust\u00e4ndig. <br><br>Viele Pflegebed\u00fcrftige und deren Familien ben\u00f6tigen allerdings eher die Unterst\u00fctzung von z. B. Betroffenen. Dann nennen wir sehr gern, u. a. am <a href=\"https:\/\/www.bwpn.de\/pflegenetzwerk\/bundesweites-pflegetelefon\/\" target=\"_blank\" data-type=\"link\" data-id=\"https:\/\/www.bwpn.de\/pflegenetzwerk\/bundesweites-pflegetelefon\/\" rel=\"noreferrer noopener\">bundesweiten Pflegetelefon<\/a>, einen Kontakt und freuen uns, wenn den Menschen, die sich uns anvertraut haben, dort weitergeholfen werden kann.<\/p>\n\n\n\n<div style=\"height:40px\" aria-hidden=\"true\" class=\"wp-block-spacer\"><\/div>\n\n\n\n<h2 class=\"wp-block-heading\">Jetzt kostenloses Profil eintragen<\/h2>\n\n\n<style id=\"wpforms-css-vars-56-block-88659c5d-3a66-4682-b297-b5a17e36a193\">\n\t\t\t\t#wpforms-56.wpforms-block-88659c5d-3a66-4682-b297-b5a17e36a193 {\n\t\t\t\t--wpforms-field-border-radius: 12px;\n--wpforms-field-border-color: #363839;\n--wpforms-field-border-color-spare: #363839;\n--wpforms-label-color: #000000;\n--wpforms-button-border-radius: 12px;\n--wpforms-button-background-color: #a0ce4e;\n--wpforms-label-size-font-size: 18px;\n--wpforms-label-size-line-height: 21px;\n--wpforms-label-size-sublabel-font-size: 16px;\n--wpforms-label-size-sublabel-line-height: 19px;\n--wpforms-button-size-font-size: 20px;\n--wpforms-button-size-height: 48px;\n--wpforms-button-size-padding-h: 20px;\n--wpforms-button-size-margin-top: 15px;\n\t\t\t}\n\t\t\t<\/style><div class=\"wpforms-container wpforms-container-full wpforms-form-abandonment wpforms-container-save-resume wpforms-block wpforms-block-88659c5d-3a66-4682-b297-b5a17e36a193 wpforms-render-modern\" id=\"wpforms-56\"><form id=\"wpforms-form-56\" class=\"wpforms-validate wpforms-form wpforms-ajax-form\" data-formid=\"56\" method=\"post\" enctype=\"multipart\/form-data\" action=\"\/ehrenamt\/wp-json\/wp\/v2\/pages\/84?wpforms_form_id=56\" data-token=\"79577294ab4c891f8b3789ec7cfe8b81\" data-token-time=\"1776776196\"><noscript class=\"wpforms-error-noscript\">Bitte aktiviere JavaScript in deinem Browser, um dieses Formular fertigzustellen.<\/noscript><div id=\"wpforms-error-noscript\" style=\"display: none;\">Bitte aktiviere JavaScript in deinem Browser, um dieses Formular fertigzustellen.<\/div><div class=\"wpforms-field-container\"><div id=\"wpforms-56-field_18-container\" class=\"wpforms-field wpforms-field-text\" data-field-id=\"18\"><label class=\"wpforms-field-label\" for=\"wpforms-56-field_18\">Bezeichnung <span class=\"wpforms-required-label\" aria-hidden=\"true\">*<\/span><\/label><input type=\"text\" id=\"wpforms-56-field_18\" class=\"wpforms-field-medium wpforms-field-required\" name=\"wpforms[fields][18]\" aria-errormessage=\"wpforms-56-field_18-error\" required><\/div><div id=\"wpforms-56-field_2-container\" class=\"wpforms-field wpforms-field-name\" data-field-id=\"2\"><fieldset><legend class=\"wpforms-field-label\">Name <span class=\"wpforms-required-label\" aria-hidden=\"true\">*<\/span><\/legend><div class=\"wpforms-field-row wpforms-field-medium\"><div class=\"wpforms-field-row-block wpforms-first wpforms-one-half\"><input type=\"text\" id=\"wpforms-56-field_2\" class=\"wpforms-field-name-first wpforms-field-required\" name=\"wpforms[fields][2][first]\" aria-errormessage=\"wpforms-56-field_2-error\" required><label for=\"wpforms-56-field_2\" class=\"wpforms-field-sublabel after\">Vorname<\/label><\/div><div class=\"wpforms-field-row-block wpforms-one-half\"><input type=\"text\" id=\"wpforms-56-field_2-last\" class=\"wpforms-field-name-last wpforms-field-required\" name=\"wpforms[fields][2][last]\" aria-errormessage=\"wpforms-56-field_2-last-error\" required><label for=\"wpforms-56-field_2-last\" class=\"wpforms-field-sublabel after\">Nachname<\/label><\/div><\/div><\/fieldset><\/div><div id=\"wpforms-56-field_1-container\" class=\"wpforms-field wpforms-field-text\" data-field-id=\"1\"><label class=\"wpforms-field-label\" for=\"wpforms-56-field_1\">Adresse <span class=\"wpforms-required-label\" aria-hidden=\"true\">*<\/span><\/label><input type=\"text\" id=\"wpforms-56-field_1\" class=\"wpforms-field-medium wpforms-field-required\" name=\"wpforms[fields][1]\" placeholder=\"Strasse und Hausnummer\" aria-errormessage=\"wpforms-56-field_1-error\" required><\/div><div id=\"wpforms-56-field_9-container\" class=\"wpforms-field wpforms-field-text wpforms-one-third wpforms-first\" data-field-id=\"9\"><label class=\"wpforms-field-label\" for=\"wpforms-56-field_9\">PLZ <span class=\"wpforms-required-label\" aria-hidden=\"true\">*<\/span><\/label><input type=\"text\" id=\"wpforms-56-field_9\" class=\"wpforms-field-small wpforms-field-required wpforms-masked-input\" data-rule-inputmask-incomplete=\"1\" data-inputmask-mask=\"99999\" name=\"wpforms[fields][9]\" aria-errormessage=\"wpforms-56-field_9-error\" required><\/div><div id=\"wpforms-56-field_6-container\" class=\"wpforms-field wpforms-field-text wpforms-two-thirds\" data-field-id=\"6\"><label class=\"wpforms-field-label\" for=\"wpforms-56-field_6\">Ort <span class=\"wpforms-required-label\" aria-hidden=\"true\">*<\/span><\/label><input type=\"text\" id=\"wpforms-56-field_6\" class=\"wpforms-field-large wpforms-field-required\" name=\"wpforms[fields][6]\" aria-errormessage=\"wpforms-56-field_6-error\" required><\/div><div id=\"wpforms-56-field_17-container\" class=\"wpforms-field wpforms-field-email\" data-field-id=\"17\"><fieldset><legend class=\"wpforms-field-label\">E-Mail <span class=\"wpforms-required-label\" aria-hidden=\"true\">*<\/span><\/legend><div class=\"wpforms-field-row wpforms-field-medium\"><div class=\"wpforms-field-row-block wpforms-one-half wpforms-first\"><input type=\"email\" id=\"wpforms-56-field_17\" class=\"wpforms-field-required wpforms-field-email-primary\" name=\"wpforms[fields][17][primary]\" spellcheck=\"false\" aria-errormessage=\"wpforms-56-field_17-error\" required><label for=\"wpforms-56-field_17\" class=\"wpforms-field-sublabel after\">E-Mail-Adresse<\/label><\/div><div class=\"wpforms-field-row-block wpforms-one-half\"><input type=\"email\" id=\"wpforms-56-field_17-secondary\" class=\"wpforms-field-email-secondary wpforms-field-required\" data-rule-confirm=\"#wpforms-56-field_17\" name=\"wpforms[fields][17][secondary]\" spellcheck=\"false\" aria-errormessage=\"wpforms-56-field_17-secondary-error\" required><label for=\"wpforms-56-field_17-secondary\" class=\"wpforms-field-sublabel after\">E-Mail best\u00e4tigen<\/label><\/div><\/div><\/fieldset><\/div><div id=\"wpforms-56-field_7-container\" class=\"wpforms-field wpforms-field-text wpforms-one-half wpforms-first wpforms-conditional-trigger\" data-field-id=\"7\"><label class=\"wpforms-field-label\" for=\"wpforms-56-field_7\">Telefon<\/label><input type=\"text\" id=\"wpforms-56-field_7\" class=\"wpforms-field-medium\" name=\"wpforms[fields][7]\" placeholder=\"z. B.: 040\/609468490\" aria-errormessage=\"wpforms-56-field_7-error\" ><\/div><div id=\"wpforms-56-field_8-container\" class=\"wpforms-field wpforms-field-text wpforms-one-half wpforms-conditional-trigger\" data-field-id=\"8\"><label class=\"wpforms-field-label\" for=\"wpforms-56-field_8\">Mobil<\/label><input type=\"text\" id=\"wpforms-56-field_8\" class=\"wpforms-field-medium\" name=\"wpforms[fields][8]\" placeholder=\"z. B.: 0172\/1234567\" aria-errormessage=\"wpforms-56-field_8-error\" ><\/div><div id=\"wpforms-56-field_22-container\" class=\"wpforms-field wpforms-field-url\" data-field-id=\"22\"><label class=\"wpforms-field-label\" for=\"wpforms-56-field_22\">Website\/URL<\/label><input type=\"url\" id=\"wpforms-56-field_22\" class=\"wpforms-field-medium\" name=\"wpforms[fields][22]\" aria-errormessage=\"wpforms-56-field_22-error\" aria-describedby=\"wpforms-56-field_22-description\" ><div id=\"wpforms-56-field_22-description\" class=\"wpforms-field-description\">z. B.: https:\/\/www.bwpn.de<\/div><\/div><div id=\"wpforms-56-field_12-container\" class=\"wpforms-field wpforms-field-checkbox wpforms-list-3-columns wpforms-conditional-field wpforms-conditional-show\" data-field-id=\"12\" style=\"display:none;\"><fieldset><legend class=\"wpforms-field-label\">Welche Angaben (s. o.) d\u00fcrfen wir in ihrem Profil ver\u00f6ffentlichen?<\/legend><ul id=\"wpforms-56-field_12\"><li class=\"choice-1 depth-1\"><input type=\"checkbox\" id=\"wpforms-56-field_12_1\" name=\"wpforms[fields][12][]\" value=\"Adresse\" aria-errormessage=\"wpforms-56-field_12_1-error\"  ><label class=\"wpforms-field-label-inline\" for=\"wpforms-56-field_12_1\">Adresse<\/label><\/li><li class=\"choice-2 depth-1\"><input type=\"checkbox\" id=\"wpforms-56-field_12_2\" name=\"wpforms[fields][12][]\" value=\"PLZ\" aria-errormessage=\"wpforms-56-field_12_2-error\"  ><label class=\"wpforms-field-label-inline\" for=\"wpforms-56-field_12_2\">PLZ<\/label><\/li><li class=\"choice-3 depth-1\"><input type=\"checkbox\" id=\"wpforms-56-field_12_3\" name=\"wpforms[fields][12][]\" value=\"Ort\" aria-errormessage=\"wpforms-56-field_12_3-error\"  ><label class=\"wpforms-field-label-inline\" for=\"wpforms-56-field_12_3\">Ort<\/label><\/li><li class=\"choice-6 depth-1\"><input type=\"checkbox\" id=\"wpforms-56-field_12_6\" name=\"wpforms[fields][12][]\" value=\"E-Mail\" aria-errormessage=\"wpforms-56-field_12_6-error\"  ><label class=\"wpforms-field-label-inline\" for=\"wpforms-56-field_12_6\">E-Mail<\/label><\/li><li class=\"choice-4 depth-1\"><input type=\"checkbox\" id=\"wpforms-56-field_12_4\" name=\"wpforms[fields][12][]\" value=\"Telefon\" aria-errormessage=\"wpforms-56-field_12_4-error\"  ><label class=\"wpforms-field-label-inline\" for=\"wpforms-56-field_12_4\">Telefon<\/label><\/li><li class=\"choice-5 depth-1\"><input type=\"checkbox\" id=\"wpforms-56-field_12_5\" name=\"wpforms[fields][12][]\" value=\"Mobil\" aria-errormessage=\"wpforms-56-field_12_5-error\"  ><label class=\"wpforms-field-label-inline\" for=\"wpforms-56-field_12_5\">Mobil<\/label><\/li><\/ul><\/fieldset><\/div><div id=\"wpforms-56-field_13-container\" class=\"wpforms-field wpforms-field-checkbox wpforms-list-2-columns wpforms-conditional-field wpforms-conditional-show\" data-field-id=\"13\" style=\"display:none;\"><fieldset><legend class=\"wpforms-field-label\">Welche Angaben (s. o.) d\u00fcrfen wir in ihrem Profil ver\u00f6ffentlichen?<\/legend><ul id=\"wpforms-56-field_13\"><li class=\"choice-1 depth-1\"><input type=\"checkbox\" id=\"wpforms-56-field_13_1\" name=\"wpforms[fields][13][]\" value=\"Adresse\" aria-errormessage=\"wpforms-56-field_13_1-error\"  ><label class=\"wpforms-field-label-inline\" for=\"wpforms-56-field_13_1\">Adresse<\/label><\/li><li class=\"choice-2 depth-1\"><input type=\"checkbox\" id=\"wpforms-56-field_13_2\" name=\"wpforms[fields][13][]\" value=\"PLZ\" aria-errormessage=\"wpforms-56-field_13_2-error\"  ><label class=\"wpforms-field-label-inline\" for=\"wpforms-56-field_13_2\">PLZ<\/label><\/li><li class=\"choice-3 depth-1\"><input type=\"checkbox\" id=\"wpforms-56-field_13_3\" name=\"wpforms[fields][13][]\" value=\"Ort\" aria-errormessage=\"wpforms-56-field_13_3-error\"  ><label class=\"wpforms-field-label-inline\" for=\"wpforms-56-field_13_3\">Ort<\/label><\/li><li class=\"choice-5 depth-1\"><input type=\"checkbox\" id=\"wpforms-56-field_13_5\" name=\"wpforms[fields][13][]\" value=\"E-Mail\" aria-errormessage=\"wpforms-56-field_13_5-error\"  ><label class=\"wpforms-field-label-inline\" for=\"wpforms-56-field_13_5\">E-Mail<\/label><\/li><li class=\"choice-4 depth-1\"><input type=\"checkbox\" id=\"wpforms-56-field_13_4\" name=\"wpforms[fields][13][]\" value=\"Telefon\" aria-errormessage=\"wpforms-56-field_13_4-error\"  ><label class=\"wpforms-field-label-inline\" for=\"wpforms-56-field_13_4\">Telefon<\/label><\/li><\/ul><\/fieldset><\/div><div id=\"wpforms-56-field_14-container\" class=\"wpforms-field wpforms-field-checkbox wpforms-list-2-columns wpforms-conditional-field wpforms-conditional-show\" data-field-id=\"14\" style=\"display:none;\"><fieldset><legend class=\"wpforms-field-label\">Welche Angaben (s. o.) d\u00fcrfen wir in ihrem Profil ver\u00f6ffentlichen?<\/legend><ul id=\"wpforms-56-field_14\"><li class=\"choice-1 depth-1\"><input type=\"checkbox\" id=\"wpforms-56-field_14_1\" name=\"wpforms[fields][14][]\" value=\"Adresse\" aria-errormessage=\"wpforms-56-field_14_1-error\"  ><label class=\"wpforms-field-label-inline\" for=\"wpforms-56-field_14_1\">Adresse<\/label><\/li><li class=\"choice-2 depth-1\"><input type=\"checkbox\" id=\"wpforms-56-field_14_2\" name=\"wpforms[fields][14][]\" value=\"PLZ\" aria-errormessage=\"wpforms-56-field_14_2-error\"  ><label class=\"wpforms-field-label-inline\" for=\"wpforms-56-field_14_2\">PLZ<\/label><\/li><li class=\"choice-3 depth-1\"><input type=\"checkbox\" id=\"wpforms-56-field_14_3\" name=\"wpforms[fields][14][]\" value=\"Ort\" aria-errormessage=\"wpforms-56-field_14_3-error\"  ><label class=\"wpforms-field-label-inline\" for=\"wpforms-56-field_14_3\">Ort<\/label><\/li><li class=\"choice-6 depth-1\"><input type=\"checkbox\" id=\"wpforms-56-field_14_6\" name=\"wpforms[fields][14][]\" value=\"E-Mail\" aria-errormessage=\"wpforms-56-field_14_6-error\"  ><label class=\"wpforms-field-label-inline\" for=\"wpforms-56-field_14_6\">E-Mail<\/label><\/li><li class=\"choice-5 depth-1\"><input type=\"checkbox\" id=\"wpforms-56-field_14_5\" name=\"wpforms[fields][14][]\" value=\"Mobil\" aria-errormessage=\"wpforms-56-field_14_5-error\"  ><label class=\"wpforms-field-label-inline\" for=\"wpforms-56-field_14_5\">Mobil<\/label><\/li><\/ul><\/fieldset><\/div><div id=\"wpforms-56-field_15-container\" class=\"wpforms-field wpforms-field-checkbox wpforms-conditional-field wpforms-conditional-show\" data-field-id=\"15\" style=\"display:none;\"><fieldset><legend class=\"wpforms-field-label\">Welche Angaben (s. o.) d\u00fcrfen wir in ihrem Profil ver\u00f6ffentlichen?<\/legend><ul id=\"wpforms-56-field_15\"><li class=\"choice-1 depth-1\"><input type=\"checkbox\" id=\"wpforms-56-field_15_1\" name=\"wpforms[fields][15][]\" value=\"Adresse\" aria-errormessage=\"wpforms-56-field_15_1-error\"  ><label class=\"wpforms-field-label-inline\" for=\"wpforms-56-field_15_1\">Adresse<\/label><\/li><li class=\"choice-2 depth-1\"><input type=\"checkbox\" id=\"wpforms-56-field_15_2\" name=\"wpforms[fields][15][]\" value=\"PLZ\" aria-errormessage=\"wpforms-56-field_15_2-error\"  ><label class=\"wpforms-field-label-inline\" for=\"wpforms-56-field_15_2\">PLZ<\/label><\/li><li class=\"choice-3 depth-1\"><input type=\"checkbox\" id=\"wpforms-56-field_15_3\" name=\"wpforms[fields][15][]\" value=\"Ort\" aria-errormessage=\"wpforms-56-field_15_3-error\"  ><label class=\"wpforms-field-label-inline\" for=\"wpforms-56-field_15_3\">Ort<\/label><\/li><li class=\"choice-4 depth-1\"><input type=\"checkbox\" id=\"wpforms-56-field_15_4\" name=\"wpforms[fields][15][]\" value=\"E-Mail\" aria-errormessage=\"wpforms-56-field_15_4-error\"  ><label class=\"wpforms-field-label-inline\" for=\"wpforms-56-field_15_4\">E-Mail<\/label><\/li><\/ul><\/fieldset><\/div><div id=\"wpforms-56-field_19-container\" class=\"wpforms-field wpforms-field-checkbox wpforms-conditional-trigger\" data-field-id=\"19\"><fieldset><legend class=\"wpforms-field-label\">M\u00f6chten Sie uns ein Logo senden? <span class=\"wpforms-required-label\" aria-hidden=\"true\">*<\/span><\/legend><ul id=\"wpforms-56-field_19\" class=\"wpforms-field-required\"><li class=\"choice-1 depth-1\"><input type=\"checkbox\" id=\"wpforms-56-field_19_1\" name=\"wpforms[fields][19][]\" value=\"Ja\" aria-errormessage=\"wpforms-56-field_19_1-error\" required ><label class=\"wpforms-field-label-inline\" for=\"wpforms-56-field_19_1\">Ja<\/label><\/li><li class=\"choice-2 depth-1\"><input type=\"checkbox\" id=\"wpforms-56-field_19_2\" name=\"wpforms[fields][19][]\" value=\"Nein\" aria-errormessage=\"wpforms-56-field_19_2-error\" required ><label class=\"wpforms-field-label-inline\" for=\"wpforms-56-field_19_2\">Nein<\/label><\/li><\/ul><\/fieldset><\/div><div id=\"wpforms-56-field_20-container\" class=\"wpforms-field wpforms-field-file-upload wpforms-conditional-field wpforms-conditional-show\" data-field-id=\"20\" style=\"display:none;\"><label class=\"wpforms-field-label\" for=\"wpforms-56-field_20\">Logo hochladen<\/label><div\n\t\tclass=\"wpforms-uploader \"\n\t\tdata-field-id=\"20\"\n\t\tdata-form-id=\"56\"\n\t\tdata-input-name=\"wpforms_56_20\"\n\t\tdata-extensions=\"jpg,png\"\n\t\tdata-max-size=\"2097152\"\n\t\tdata-max-file-number=\"3\"\n\t\tdata-post-max-size=\"805306368\"\n\t\tdata-max-parallel-uploads=\"4\"\n\t\tdata-parallel-uploads=\"true\"\n\t\tdata-file-chunk-size=\"2097152\">\n\t<div class=\"dz-message\">\n\t\t<svg  viewBox=\"0 0 640 640\" focusable=\"false\" data-icon=\"inbox\" width=\"50px\" height=\"50px\" fill=\"currentColor\" aria-hidden=\"true\">\n\t\t\t<path d=\"M352 173.3L352 384C352 401.7 337.7 416 320 416C302.3 416 288 401.7 288 384L288 173.3L246.6 214.7C234.1 227.2 213.8 227.2 201.3 214.7C188.8 202.2 188.8 181.9 201.3 169.4L297.3 73.4C309.8 60.9 330.1 60.9 342.6 73.4L438.6 169.4C451.1 181.9 451.1 202.2 438.6 214.7C426.1 227.2 405.8 227.2 393.3 214.7L352 173.3zM320 464C364.2 464 400 428.2 400 384L480 384C515.3 384 544 412.7 544 448L544 480C544 515.3 515.3 544 480 544L160 544C124.7 544 96 515.3 96 480L96 448C96 412.7 124.7 384 160 384L240 384C240 428.2 275.8 464 320 464zM464 488C477.3 488 488 477.3 488 464C488 450.7 477.3 440 464 440C450.7 440 440 450.7 440 464C440 477.3 450.7 488 464 488z\"\/>\n\t\t<\/svg>\n\n\t\t<span class=\"modern-title\">\n\t\t\t\t\t\t\tDrag &amp; Drop Files, \t\t\t\t<span>Choose Files to Upload<\/span>\n\t\t\t\t\t<\/span>\n\n\t\t\t\t\t<span class=\"modern-hint\">Du kannst bis zu 3 Dateien hochladen.<\/span>\n\t\t\t<\/div>\n<\/div>\n\n<input\n\t\ttype=\"text\"\n\t\tautocomplete=\"off\"\n\t\treadonly\n\t\tclass=\"dropzone-input\"\n\t\tstyle=\"position:absolute!important;clip:rect(0,0,0,0)!important;height:1px!important;width:1px!important;border:0!important;overflow:hidden!important;padding:0!important;margin:0!important;\"\n\t\tid=\"wpforms-56-field_20\"\n\t\tname=\"wpforms_56_20\" \t\tvalue=\"\">\n<div id=\"wpforms-56-field_20-description\" class=\"wpforms-field-description\">Senden Sie uns gern Ihr Logo und ggf. weitere Bilddateien. Pro Datei sind maximal 2 MB m\u00f6glich.<\/div><\/div><div id=\"wpforms-56-field_10-container\" class=\"wpforms-field wpforms-field-textarea\" data-field-id=\"10\"><label class=\"wpforms-field-label\" for=\"wpforms-56-field_10\">Selbstdarstellung <span class=\"wpforms-required-label\" aria-hidden=\"true\">*<\/span><\/label><textarea id=\"wpforms-56-field_10\" class=\"wpforms-field-medium wpforms-field-required\" name=\"wpforms[fields][10]\" placeholder=\"Beschreiben Sie gern mit eigenen Worten, was Sie f\u00fcr Menschen machen und ggf. welche zu welchen Sprechzeiten Sie erreichbar sind.\" aria-errormessage=\"wpforms-56-field_10-error\" required><\/textarea><\/div><div id=\"wpforms-56-field_16-container\" class=\"wpforms-field wpforms-field-captcha\" data-field-id=\"16\"><label class=\"wpforms-field-label\" for=\"wpforms-56-field_16\">Captcha <span class=\"wpforms-required-label\" aria-hidden=\"true\">*<\/span><\/label>\t\t\t<div class=\"wpforms-captcha-math\">\n\t\t\t\t<span id=\"wpforms-56-field_16-question\" class=\"wpforms-captcha-equation\">\n\t\t\t\t\t<span class=\"n1\">7<\/span>\n\t\t\t\t\t\t\t<span class=\"cal\">+<\/span>\n\t\t\t\t\t\t\t<span class=\"n2\">14<\/span>\t\t\t\t\t<span class=\"e\">=<\/span>\n\t\t\t\t<\/span>\n\t\t\t\t<input type=\"text\" id=\"wpforms-56-field_16\" class=\"wpforms-field-medium wpforms-field-required a\" data-rule-wpf-captcha=\"math\" data-is-wrapped-field=\"1\" name=\"wpforms[fields][16][a]\" aria-errormessage=\"wpforms-56-field_16-error\" aria-describedby=\"wpforms-56-field_16-description wpforms-56-field_16-question\" required>\t\t\t\t<input type=\"hidden\" name=\"wpforms[fields][16][cal]\" class=\"cal\">\n\t\t\t\t<input type=\"hidden\" name=\"wpforms[fields][16][n2]\" class=\"n2\">\n\t\t\t\t<input type=\"hidden\" name=\"wpforms[fields][16][n1]\" class=\"n1\">\n\t\t\t<\/div>\n\t\t\t<div id=\"wpforms-56-field_16-description\" class=\"wpforms-field-description\">Kriminelle Dummk\u00f6pfe machen solche Fragen leider notwendig.<\/div><\/div><\/div><!-- .wpforms-field-container --><div class=\"wpforms-submit-container\" ><input type=\"hidden\" name=\"wpforms[id]\" value=\"56\"><input type=\"hidden\" name=\"page_title\" value=\"\"><input type=\"hidden\" name=\"page_url\" value=\"https:\/\/hinlauftendenz.de\/ehrenamt\/wp-json\/wp\/v2\/pages\/84\"><input type=\"hidden\" name=\"url_referer\" value=\"\"><button type=\"submit\" name=\"wpforms[submit]\" id=\"wpforms-submit-56\" class=\"wpforms-submit\" data-alt-text=\"Senden...\" data-submit-text=\"Absenden\" aria-live=\"assertive\" value=\"wpforms-submit\">Absenden<\/button><img loading=\"lazy\" decoding=\"async\" src=\"https:\/\/hinlauftendenz.de\/ehrenamt\/wp-content\/plugins\/wpforms\/assets\/images\/submit-spin.svg\" class=\"wpforms-submit-spinner\" style=\"display: none;\" width=\"26\" height=\"26\" alt=\"Wird geladen\"><\/div><\/form><\/div>  <!-- .wpforms-container -->\n\n\n<p style=\"font-size:22px\">Nach Eingang des ausgef\u00fcllten Formulars machen wir uns so schnell wie m\u00f6glich an die Arbeit. Wir pflegen dann die Daten in das System ein und ver\u00f6ffentlichen das Profil. Sollten sich R\u00fcckfragen ergeben, setzen wir uns vorher mit Ihnen in Verbindung. <em>Daf\u00fcr ben\u00f6tigen wir auch die Telefonnummer und\/oder E-Mail-Adresse.<\/em><\/p>\n","protected":false},"excerpt":{"rendered":"<p>Jeden Monat informieren, beraten und unterst\u00fctzen wir 45.000 Familien. F\u00fcr hohe Leistungen der Pflegeversicherung sind unsere unabh\u00e4ngigen Sachverst\u00e4ndigen (w\/m) zust\u00e4ndig. Viele Pflegebed\u00fcrftige und deren Familien ben\u00f6tigen allerdings eher die Unterst\u00fctzung von z. B. Betroffenen. Dann nennen wir sehr gern, u. a. am bundesweiten Pflegetelefon, einen Kontakt und freuen uns, wenn den Menschen, die sich uns [&hellip;]<\/p>\n","protected":false},"author":1,"featured_media":87,"parent":0,"menu_order":0,"comment_status":"closed","ping_status":"closed","template":"","meta":{"_citadela_hide_page_title":"1","_citadela_remove_header_space":"","_citadela_custom_class":"","_citadela_half_map_provider":"","_citadela_half_map_theme":"","_citadela_half_map_themeOSM":"","_citadela_half_map_customTheme":"","_citadela_half_map_dataType":"","_citadela_half_map_dynamicTrack":false,"_citadela_half_map_trackColor":"","_citadela_half_map_trackEndpointsColor":"","_citadela_half_map_filterCategory":"","_citadela_half_map_filterLocation":"","_citadela_half_map_filterFeatured":false,"_citadela_half_map_noDataBehavior":"empty-map","_citadela_half_map_noDataText":"","_citadela_half_map_clusterGridSize":80,"_citadela_header":false,"_citadela_header_over_content":false,"_citadela_header_text_color":"","_citadela_header_logo":[],"_citadela_header_bg_image":[],"_citadela_header_bg_position":{"x":0.5,"y":0.5},"_citadela_header_bg_size":"cover","_citadela_header_bg_repeat":"no-repeat","_citadela_header_bg_fixed":false,"_citadela_header_bg_color":"","_citadela_header_bg_image_overlay":"","_citadela_header_transparent_bg":false,"_citadela_content_width":"","_citadela_half_layout_position":"","footnotes":""},"class_list":["post-84","page","type-page","status-publish","has-post-thumbnail","hentry"],"_links":{"self":[{"href":"https:\/\/hinlauftendenz.de\/ehrenamt\/wp-json\/wp\/v2\/pages\/84","targetHints":{"allow":["GET"]}}],"collection":[{"href":"https:\/\/hinlauftendenz.de\/ehrenamt\/wp-json\/wp\/v2\/pages"}],"about":[{"href":"https:\/\/hinlauftendenz.de\/ehrenamt\/wp-json\/wp\/v2\/types\/page"}],"author":[{"embeddable":true,"href":"https:\/\/hinlauftendenz.de\/ehrenamt\/wp-json\/wp\/v2\/users\/1"}],"replies":[{"embeddable":true,"href":"https:\/\/hinlauftendenz.de\/ehrenamt\/wp-json\/wp\/v2\/comments?post=84"}],"version-history":[{"count":8,"href":"https:\/\/hinlauftendenz.de\/ehrenamt\/wp-json\/wp\/v2\/pages\/84\/revisions"}],"predecessor-version":[{"id":299,"href":"https:\/\/hinlauftendenz.de\/ehrenamt\/wp-json\/wp\/v2\/pages\/84\/revisions\/299"}],"wp:featuredmedia":[{"embeddable":true,"href":"https:\/\/hinlauftendenz.de\/ehrenamt\/wp-json\/wp\/v2\/media\/87"}],"wp:attachment":[{"href":"https:\/\/hinlauftendenz.de\/ehrenamt\/wp-json\/wp\/v2\/media?parent=84"}],"curies":[{"name":"wp","href":"https:\/\/api.w.org\/{rel}","templated":true}]}}